{"id":2044,"date":"2021-11-24T11:11:14","date_gmt":"2021-11-24T10:11:14","guid":{"rendered":"https:\/\/anticodolo.it\/cookies\/"},"modified":"2021-11-24T11:11:14","modified_gmt":"2021-11-24T10:11:14","slug":"cookies","status":"publish","type":"page","link":"https:\/\/anticodolo.it\/ru\/cookies\/","title":{"rendered":"Cookies"},"content":{"rendered":"\t\t<div data-elementor-type=\"wp-page\" data-elementor-id=\"2044\" class=\"elementor elementor-2044\" data-elementor-post-type=\"page\">\n\t\t\t\t\t\t<section class=\"elementor-section elementor-top-section elementor-element elementor-element-45f4d35 elementor-section-full_width elementor-section-height-min-height elementor-section-height-default elementor-section-items-middle\" data-id=\"45f4d35\" data-element_type=\"section\" data-settings=\"{&quot;background_background&quot;:&quot;classic&quot;}\">\n\t\t\t\t\t\t<div class=\"elementor-container elementor-column-gap-default\">\n\t\t\t\t\t<div class=\"elementor-column elementor-col-100 elementor-top-column elementor-element elementor-element-6a9f343\" data-id=\"6a9f343\" data-element_type=\"column\">\n\t\t\t<div class=\"elementor-widget-wrap\">\n\t\t\t\t\t\t\t<\/div>\n\t\t<\/div>\n\t\t\t\t\t<\/div>\n\t\t<\/section>\n\t\t\t\t<section class=\"elementor-section elementor-top-section elementor-element elementor-element-a960971 elementor-section-boxed elementor-section-height-default elementor-section-height-default\" data-id=\"a960971\" data-element_type=\"section\">\n\t\t\t\t\t\t<div class=\"elementor-container elementor-column-gap-default\">\n\t\t\t\t\t<div class=\"elementor-column elementor-col-100 elementor-top-column elementor-element elementor-element-3ee1ca6\" data-id=\"3ee1ca6\" data-element_type=\"column\">\n\t\t\t<div class=\"elementor-widget-wrap elementor-element-populated\">\n\t\t\t\t\t\t<div class=\"elementor-element elementor-element-8b34f3e elementor-widget elementor-widget-text-editor\" data-id=\"8b34f3e\" data-element_type=\"widget\" data-widget_type=\"text-editor.default\">\n\t\t\t\t<div class=\"elementor-widget-container\">\n\t\t\t\t\t\t\t\t\t<p><strong><span style=\"color: #000000;\">Informativa sui cookies <\/span><\/strong><\/p><p><span style=\"color: #000000;\">Questa informativa illustra in dettaglio come questo sito utilizza i cookie nonch\u00e9 i file tipo cookie e le tecnologie sui suoi siti web, ad esempio i Local Shared Objects, noti anche come i \u201ccookie di Flash\u201d, i Web beacon, ecc. Ci riferiremo a questi generalmente come \u201ccookie\u201d. Se visiti il nostro sito web e le impostazioni del tuo browser accettano i cookie, l\u2019utilizzo dei nostri cookie sar\u00e0 considerato accettato.<\/span><\/p><p><span style=\"color: #000000;\">I cookie sono piccoli file inviati e memorizzati nel tuo computer dai siti web che visiti. I cookie sono memorizzati nella directory dei file del tuo browser. La volta successiva in cui visiterai il sito, il tuo browser legger\u00e0 il cookie e ritrasmetter\u00e0 le informazioni al sito web o all\u2019entit\u00e0 che originariamente ha creato il cookie. Per saperne di pi\u00f9 su queste tecnologie e su come funzionano, visita, ad esempio, il sito allaboutcookies.org.<\/span><\/p><p><span style=\"color: #000000;\">I cookies di sessione utilizzati in questo sito evitano il ricorso ad altre tecniche informatiche potenzialmente pregiudizievoli per la riservatezza della navigazione degli utenti e non consentono l\u2019acquisizione di dati personali identificativi dell\u2019utente.<\/span><\/p><p><span style=\"color: #000000;\">I tempi di conservazione dei dati acquisiti dipendono dai tipi di cookie. I cookie della sessione scadono quando viene chiuso il browser. I cookie persistenti, incluso i Local Shared Objects <\/span><span style=\"color: #000000;\">\ufd3e<\/span><span style=\"color: #000000;\">\u201ccookie di Flash\u201d<\/span><span style=\"color: #000000;\">\ufd3f<\/span><span style=\"color: #000000;\">, hanno date di scadenza tipiche che vanno da due mesi fino a un paio di anni.<\/span><\/p><p><strong><span style=\"color: #000000;\">Come disabilitare i cookie (opt-out)<\/span><\/strong><\/p><p><span style=\"color: #000000;\">La maggioranza dei browser internet sono inizialmente impostati per accettare i cookie in modo automatico. Ci\u00f2 significa che hai la possibilit\u00e0, in ogni momento, di impostare il tuo browser in modo da accettare tutti i cookie, solo alcuni, oppure di rifiutarli, disabilitandone l\u2019uso da parte dei siti. Inoltre puoi normalmente impostare le preferenze del tuo browser in modo tale da essere avvisato ogni volta che un cookie viene memorizzato nel tuo computer. Al termine di ogni sessione di navigazione, infine, puoi cancellare dal disco fisso del tuo dispositivo i cookie raccolti. Se vuoi eliminare i cookie installati nella cartella dei cookie del browser utilizzato, occorre rammentare che ciascun browser presenta procedure diverse per la gestione delle impostazioni.<\/span><\/p><p><span style=\"color: #000000;\">Puoi trovare informazioni su come gestire i Cookie nel tuo browser ai seguenti indirizzi:<\/span><\/p><p><u><span style=\"color: #000000;\">Google Chrome\u00a0 <\/span><\/u><span style=\"color: #000000;\">(<\/span><span style=\"color: #0000e9;\">https:\/\/support.google.com\/chrome\/answer\/95647?co=GENIE.Platform%3DDesktop&amp;hl=it<\/span> )<a href=\"https:\/\/support.mozilla.org\/it\/kb\/Gestione%20dei%20cookie\"><span style=\"color: #0000e9;\"><br \/>Mozilla<\/span><\/a><a href=\"https:\/\/support.apple.com\/kb\/ph19214?locale=it_IT\"><span style=\"color: #0000e9;\"> Firefox (https:\/\/support.mozilla.org\/it\/kb\/Gestione%20dei%20cookie)<br \/>Apple Safari (https:\/\/support.apple.com\/kb\/ph19214?locale=it_IT)<\/span><\/a><a href=\"https:\/\/support.apple.com\/it-it\/HT201265\"><span style=\"color: #0000e9;\"><br \/>Apple<\/span><\/a><a href=\"https:\/\/support.apple.com\/it-it\/HT201265\"><span style=\"color: #0000e9;\"> Safari per dispositivi<\/span><\/a><a href=\"https:\/\/privacy.microsoft.com\/it-IT\/windows-10-microsoft-edge-and-privacy\"><span style=\"color: #0000e9;\"> mobili (https:\/\/support.apple.com\/it-it\/HT201265)<br \/>Microsoft Windows Explorer (https:\/\/support.microsoft.com\/it-it\/help\/17442\/windows-internet-explorer-delete-manage-cookies)<br \/>Microsoft Windows Edge (https:\/\/privacy.microsoft.com\/it-IT\/windows-10-microsoft-edge-and-privacy)<\/span><\/a><\/p><p><span style=\"color: #000000;\">Inoltre per non ricevere i cookie di Google Analytics puoi visitare la pagina:<\/span><br \/><span style=\"color: #0000e9;\">https:\/\/tools.google.com\/dlpage\/gaoptout\/ <\/span><br \/><u><span style=\"color: #0000e9; text-decoration: none;\">\u2028<\/span><\/u>In alternativa \u00e8 possibile disabilitare soltanto i cookie di Google Analytics, utilizzando il componente aggiuntivo di opt-out fornito da Google per i browser principali.\u2028Se vuoi saperne di pi\u00f9 sui cookie in generale visita la pagina www.allaboutcookies.org oppure<br \/><a href=\"http:\/\/www.garanteprivacy\/cookie\"><span style=\"color: #0000e9;\">www.garanteprivacy\/cookie<\/span><\/a><\/p><p><strong><span style=\"color: #000000;\">Cookie tecnici che non richiedono consenso<\/span><\/strong><\/p><p><span style=\"color: #000000;\">I cookie cosiddetti \u201ctecnici\u201d, per i quali non \u00e8 richiesto alcun consenso al loro trattamento, sono da considerarsi i seguenti:<\/span><\/p><p>\u2022 <span style=\"color: #000000;\">a)<br \/>Cookie relativi ad attivit\u00e0 strettamente necessarie al funzionamento del sito e all\u2019erogazione del servizio: sono cookie volti a garantire la normale navigazione del sito. Nella maggior parte dei casi si tratta di cookie di sessione.<\/span><\/p><p>\u2022 <span style=\"color: #000000;\">b)<br \/>Cookie di funzionalit\u00e0, relativi ad attivit\u00e0 di ottimizzazione: sono cookie che permettono all\u2019utente di navigare sul sito in funzione dei criteri selezionati (come ad esempio la lingua, la valuta, il contenuto del carrello durante gli acquisti online) al fine di consentire la fruizione dei servizi resi e\/o di migliorarli. Nella maggior parte dei casi si tratta di cookie che hanno una durata massima di 365 giorni.<\/span><\/p><p><span style=\"color: #000000;\">Tutti i cookie tecnici non richiedono consenso, perci\u00f2 vengono installati automaticamente a seguito dell\u2019accesso al sito e non vengono utilizzati per scopi ulteriori.<\/span><\/p><p><strong><span style=\"color: #000000;\">Servizi e cookies erogati da Terze Parti<\/span><\/strong><\/p><p><span style=\"color: #000000;\">In caso di servizi erogati da terze parti, puoi inoltre esercitare il tuo diritto ad opporti al tracciamento informandoti tramite la privacy policy della terza parte, tramite il link di opt out se esplicitamente fornito o contattando direttamente la stessa.\u2028Fermo restando quanto poc\u2019anzi affermato, il Titolare t\u2019informa che puoi avvalerti di Your Online Choices (<\/span><span style=\"color: #0000e9;\">http:\/\/www.youronlinechoices.com\/<\/span>).<\/p><p>Attraverso tale servizio ti \u00e8 possibile gestire le preferenze di tracciamento<br \/>della maggior parte degli strumenti pubblicitari. Il Titolare, pertanto, ti<br \/>consiglia di utilizzare tale risorsa in aggiunta alle informazioni fornite dal<br \/>presente documento.<\/p><p><span style=\"color: #000000;\">Dal momento che l\u2019installazione di Cookie e di altri sistemi di tracciamento operata da terze parti tramite i servizi utilizzati all\u2019interno di questo Sito non pu\u00f2 essere tecnicamente controllato dal Titolare, ogni riferimento specifico a Cookie e sistemi di tracciamento installati da terze parti \u00e8 da considerarsi indicativo. Per ottenere informazioni complete, consulta la privacy policy degli eventuali servizi terzi.\u2028Vista l\u2019oggettiva complessit\u00e0 legata all\u2019identificazione delle tecnologie basate sui Cookie ed alla loro integrazione molto stretta con il funzionamento del web, sei invitato a contattare il Titolare qualora volessi ricevere qualunque approfondimento relativo all\u2019utilizzo dei Cookie stessi e ad eventuali utilizzi degli stessi \u2013 ad esempio ad opera di terzi \u2013 effettuati tramite questo sito.<\/span><\/p><p><strong><span style=\"color: #000000;\">Cookie Policy del sito anticodolo.it<\/span><\/strong><\/p><p><span style=\"color: #000000;\">Il sito anticodolo.it utilizza due tipi di cookie: cookie di sessione per l\u2019autenticazione (gestione del sito, aree riservate e accettazione dei cookie) e cookie tecnici di monitoraggio (Google Analytics, opportunamente anonimizzato).<\/span><\/p><p><strong><span style=\"color: #000000;\">Cookie di sessione (indispensabili per la gestione del sito)<\/span><\/strong><\/p><p><span style=\"color: #000000;\">Il sito anticodolo.it\u00a0utilizza cookie http di sessione per gestire l\u2019autenticazione per la gestione del sito e per accedere alle aree riservate. L\u2019uso di cookie di sessione (che non vengono memorizzati in modo persistente sul computer dell\u2019utente e si eliminano con la chiusura del browser) \u00e8 strettamente limitato alla trasmissione di identificativi di sessione necessari per consentire l\u2019esplorazione sicura ed efficiente del sito. E\u2019 presente un cookie per la registrazione delle opzioni relative ai cookies.<\/span><\/p><p><span style=\"color: #000000;\">1.Nome \u2013 wordpress_test_cookie, Tipologia \u2013 cookie tecnico, Durata \u2013 sessione, Funzione<br \/>\u2013 verifica la possibilit\u00e0 di registrare cookie sul browser dell\u2019utente;\u20282.Nome \u2013 wordpress_logged_in_[hash], Tipologia \u2013 cookie tecnico, Durata \u2013 sessione, Funzione \u2013 identifica l\u2019utente loggato per la gestione del sito (front-end), [hash] \u00e8 un\u2019identificativo unico di username e password;\u20283.Nome \u2013 wordpress_[hash], Tipologia \u2013 cookie tecnico, Durata \u2013 sessione, Funzione \u2013 identifica l\u2019utente loggato per la gestione del sito (back-end), [hash] \u00e8 un\u2019identificativo unico di username e password;\u20284.Nome \u2013 wp-settings-[UID], Tipologia \u2013 cookie tecnico, Durata \u2013 1 anno, Funzione \u2013 memorizza le impostazioni di utilizzo dell\u2019utente loggato identificato tramite [UID] che<br \/>corrisponde al numero progressivo dell\u2019utente registrato;\u20285.Nome \u2013 wp-settings-time-[UID], Tipologia \u2013 cookie tecnico, Durata \u2013 1 anno, Funzione \u2013 memorizza le impostazioni di utilizzo dell\u2019utente loggato identificato tramite [UID] che corrisponde al numero progressivo dell\u2019utente registrato;\u20286.Nome \u2013 catAccCookies, Tipologia \u2013 cookie tecnico, Durata \u2013 1 anno, Funzione \u2013 memorizza le impostazioni di utilizzo dell\u2019utente in relazione all\u2019accettazione della policy sui cookies.<\/span><\/p><p><strong><span style=\"color: #000000;\">Cookie di monitoraggio<\/span><\/strong><\/p><p><span style=\"color: #000000;\">I cookie di monitoraggio possono essere disabilitati senza nessuna conseguenza sulla navigazione del sito.\u2028La Formazione si avvale del servizio Google Analytics della societ\u00e0 Google, Inc. (di seguito \u201cGoogle\u201d) per la generazione di statistiche sull\u2019utilizzo del portale web; Google Analytics utilizza cookie (non di terze parti) che non memorizzano dati personali. Le informazioni ricavabili dai cookie sull\u2019utilizzo del sito web da parte degli utenti (compresi gli indirizzi IP) verranno trasmesse dal browser dell\u2019utente a Google, con sede a 1600 Amphitheatre Parkway, Mountain View, CA 94043, Stati Uniti, e depositate presso i server della societ\u00e0 stessa.<\/span><\/p><p><span style=\"color: #000000;\">Secondo i<\/span><span style=\"color: #0000e9;\"> termini di servizio<\/span><em> (il link \u00e8 il seguente:<\/em><em> http:\/\/www.google.com\/analytics\/terms\/it.html) <\/em>in essere, Google utilizzer\u00e0 queste informazioni, in qualit\u00e0 di titolare autonomo del trattamento, allo scopo di tracciare e esaminare l\u2019utilizzo del sito web, compilare report sulle attivit\u00e0 del sito ad uso degli operatori del sito stesso e fornire altri servizi relativi alle attivit\u00e0 del sito web, alle modalit\u00e0 di<br \/>connessione (mobile, pc, browser utilizzato etc) e alle modalit\u00e0 di ricerca e raggiungimento delle pagine del portale. Google pu\u00f2 anche trasferire queste informazioni a terzi ove ci\u00f2 sia imposto dalla legge o laddove tali terzi trattino le suddette informazioni per conto di Google. Google non associer\u00e0 gli indirizzi IP a nessun altro dato posseduto da Google.<\/p><p><span style=\"color: #000000;\">Per consultare l\u2019informativa privacy della societ\u00e0 Google, relativa al servizio Google Analytics, si prega di visitare il sito Internet<br \/><\/span><br \/><span style=\"color: #0000e9;\">http:\/\/www.google.com\/intl\/en\/analytics\/privacyoverview.html<\/span><\/p><p><span style=\"color: #000000;\">Per conoscere le<\/span><span style=\"color: #000000;\"> norme sulla privacy di Google, si invita a vistare il sito Internet<\/span><\/p><p><span style=\"color: #0000e9;\">http:\/\/www.google.com\/intl\/it\/privacy\/privacy-policy.html<\/span><\/p><p><span style=\"color: #000000;\">Utilizzando il presente sito web, si acconsente al trattamento dei propri dati da parte di Google per le modalit\u00e0 e i fini sopra indicati.<\/span><\/p><p><span style=\"color: #000000;\">Nome \u2013 _ga ,<\/span><\/p><p><span style=\"color: #000000;\">Tipologia \u2013 cookie di tracciamento, Durata \u2013 2 anni, Funzione \u2013 generazione di<br \/>statistiche sull\u2019utilizzo del sito web.<\/span><\/p><p><strong><span style=\"color: #000000;\">Verifica i tuoi cookies comportamentali<\/span><\/strong><\/p><p><span style=\"color: #000000;\">E\u2019 possibile prendere visione dei cookies di tipo comportamentale presenti sul proprio browser per il tracciamento delle attivit\u00e0 visitando l\u2019indirizzo<\/span><\/p><p><span style=\"color: #0000e9;\">http:\/\/www.youronlinechoices.com\/it\/le-tue-scelte\/<\/span><\/p><p><strong><span style=\"color: #000000;\">Riferimenti legali<\/span><\/strong><\/p><p><span style=\"color: #000000;\">Avviso agli Utenti europei: la presente informativa privacy \u00e8 redatta in adempimento degli obblighi previsti dagli artt. 13-14 Reg.to UE 2016\/679, nonch\u00e9 a quanto previsto dalla Direttiva 2002\/58\/CE, come aggiornata dalla Direttiva 2009\/136\/CE, in materia di Cookie. Questa informativa privacy riguarda esclusivamente questo sito web.<\/span><\/p><p><strong><span style=\"color: #000000;\">Per maggiori informazioni puoi contattare il Titolare del trattamento:<\/span><\/strong><\/p><p><span style=\"color: #000000;\"><span style=\"background-color: #ffff00;\"><b>Antico dolo<\/b><\/span><\/span><\/p><h3 style=\"font-family: Poppins, sans-serif; font-weight: 600; color: #303030; font-size: 25px;\">Contatti<\/h3><p style=\"color: #808080; font-family: Poppins, sans-serif; font-size: 14px;\">Tel: +39 041.5226546 Email: stefania.trucolo@gmail.com<\/p><h3 style=\"font-family: Poppins, sans-serif; font-weight: 600; color: #303030; font-size: 25px;\">Sede<\/h3><p style=\"color: #808080; font-family: Poppins, sans-serif; font-size: 14px;\">Ruga Rialto, 778,<br \/>30175 Venezia VE<\/p><h3 style=\"font-family: Poppins, sans-serif; font-weight: 600; color: #303030; font-size: 25px;\">Orari\u00a0<\/h3><p style=\"color: #808080; font-family: Poppins, sans-serif; font-size: 14px;\">Luned\u00ec \u2013 Domenica:<br \/>12:00 \u2013 22:00<\/p>\t\t\t\t\t\t\t\t<\/div>\n\t\t\t\t<\/div>\n\t\t\t\t\t<\/div>\n\t\t<\/div>\n\t\t\t\t\t<\/div>\n\t\t<\/section>\n\t\t\t\t<\/div>\n\t\t","protected":false},"excerpt":{"rendered":"<p>Informativa sui cookies Questa informativa illustra in dettaglio come questo sito utilizza i cookie nonch\u00e9 i file tipo cookie e le tecnologie sui suoi siti web, ad esempio i Local Shared Objects, noti anche come i \u201ccookie di Flash\u201d, i Web beacon, ecc. Ci riferiremo a questi generalmente come \u201ccookie\u201d. Se visiti il nostro sito [&hellip;]<\/p>\n","protected":false},"author":1,"featured_media":0,"parent":0,"menu_order":0,"comment_status":"closed","ping_status":"closed","template":"","meta":{"_acf_changed":false,"footnotes":""},"class_list":["post-2044","page","type-page","status-publish","hentry"],"acf":[],"_links":{"self":[{"href":"https:\/\/anticodolo.it\/ru\/wp-json\/wp\/v2\/pages\/2044","targetHints":{"allow":["GET"]}}],"collection":[{"href":"https:\/\/anticodolo.it\/ru\/wp-json\/wp\/v2\/pages"}],"about":[{"href":"https:\/\/anticodolo.it\/ru\/wp-json\/wp\/v2\/types\/page"}],"author":[{"embeddable":true,"href":"https:\/\/anticodolo.it\/ru\/wp-json\/wp\/v2\/users\/1"}],"replies":[{"embeddable":true,"href":"https:\/\/anticodolo.it\/ru\/wp-json\/wp\/v2\/comments?post=2044"}],"version-history":[{"count":0,"href":"https:\/\/anticodolo.it\/ru\/wp-json\/wp\/v2\/pages\/2044\/revisions"}],"wp:attachment":[{"href":"https:\/\/anticodolo.it\/ru\/wp-json\/wp\/v2\/media?parent=2044"}],"curies":[{"name":"wp","href":"https:\/\/api.w.org\/{rel}","templated":true}]}}